{"id":201,"date":"2025-11-13T00:04:56","date_gmt":"2025-11-13T00:04:56","guid":{"rendered":"https:\/\/hifz.plucentar.com\/?page_id=201"},"modified":"2025-11-13T00:04:57","modified_gmt":"2025-11-13T00:04:57","slug":"biografije-bosnjackih-hafiza","status":"publish","type":"page","link":"https:\/\/hifz.plucentar.com\/index.php\/biografije-bosnjackih-hafiza\/","title":{"rendered":"Biografije"},"content":{"rendered":"\n<h2 class=\"wp-block-heading\">Biografije bo\u0161nja\u010dkih hafiza<\/h2>\n\n\n\n<p>Ovdje smo posvetili prostor na\u0161im hafizima kao i <strong>hafizima bo\u0161nja\u010dkog porijekla<\/strong> \u2013 ljudima koji su cijeli Kur\u2019an nau\u010dili napamet i svojim \u017eivotom pokazali predanost vjeri, znanju i o\u010duvanju kulturnog identiteta. Biografije koje \u0107ete prona\u0107i ovdje imaju za cilj inspirisati sve Bo\u0161njake, posebno mlade, da slijede put hifza, razvijaju disciplinu i ljubav prema Kur\u2019anu, te \u010duvaju svoju vjeru i identitet bez obzira gdje \u017eive.<\/p>\n\n\n\n<p>Kroz pri\u010de o hafizima iz Bosne i Hercegovine, ali i iz dijaspore, jasno se vidi koliko predanost, strpljenje i upornost mogu oblikovati \u017eivot, donijeti priznanja i omogu\u0107iti slu\u017ebu zajednici. Ovdje \u0107ete prona\u0107i kako su hafizi uspjeli spojiti <strong>duhovnu predanost s o\u010duvanjem jezika, tradicije i bo\u0161nja\u010dkog identiteta<\/strong>, ostavljaju\u0107i sna\u017ean primjer budu\u0107im generacijama.<\/p>\n\n\n\n<p>Svaka biografija pru\u017ea detaljan pregled \u017eivotnog puta hafiza \u2013 od ranog u\u010denja Kur\u2019ana, preko formalnog obrazovanja, do zna\u010dajnih postignu\u0107a i slu\u017ebe u d\u017eamijama ili obrazovnim institucijama. Posebno su istaknuti citati hafiza koji motivi\u0161u i podsti\u010du \u010ditatelje da i sami te\u017ee u\u010denju Kur\u2019ana i hifzu, te da budu ponosni na svoje korijene.<\/p>\n\n\n\n<p>Ovo je vi\u0161e od obi\u010dnog popisa biografija \u2013 ona je <strong>izvor inspiracije, motivacije i u\u010denja<\/strong>. Hafizi koje predstavljamo slu\u017ee kao primjer kako vjera, znanje i identitet mogu i\u0107i ruku pod ruku, te kako se predanim radom mo\u017ee ostvariti izvanredno znanje Kur\u2019ana, bez gubljenja veze sa svojim porijeklom i tradicijom.<\/p>\n","protected":false},"excerpt":{"rendered":"<p>Biografije bo\u0161nja\u010dkih hafiza Ovdje smo posvetili prostor na\u0161im hafizima kao i hafizima bo\u0161nja\u010dkog porijekla \u2013 ljudima koji su cijeli Kur\u2019an nau\u010dili napamet i svojim \u017eivotom pokazali predanost vjeri, znanju i o\u010duvanju kulturnog identiteta. Biografije koje \u0107ete prona\u0107i ovdje imaju za cilj inspirisati sve Bo\u0161njake, posebno mlade, da slijede put hifza, razvijaju disciplinu i ljubav prema [&hellip;]<\/p>\n","protected":false},"author":1,"featured_media":202,"parent":0,"menu_order":0,"comment_status":"closed","ping_status":"closed","template":"","meta":{"footnotes":""},"class_list":["post-201","page","type-page","status-publish","has-post-thumbnail","hentry"],"_links":{"self":[{"href":"https:\/\/hifz.plucentar.com\/index.php\/wp-json\/wp\/v2\/pages\/201","targetHints":{"allow":["GET"]}}],"collection":[{"href":"https:\/\/hifz.plucentar.com\/index.php\/wp-json\/wp\/v2\/pages"}],"about":[{"href":"https:\/\/hifz.plucentar.com\/index.php\/wp-json\/wp\/v2\/types\/page"}],"author":[{"embeddable":true,"href":"https:\/\/hifz.plucentar.com\/index.php\/wp-json\/wp\/v2\/users\/1"}],"replies":[{"embeddable":true,"href":"https:\/\/hifz.plucentar.com\/index.php\/wp-json\/wp\/v2\/comments?post=201"}],"version-history":[{"count":1,"href":"https:\/\/hifz.plucentar.com\/index.php\/wp-json\/wp\/v2\/pages\/201\/revisions"}],"predecessor-version":[{"id":203,"href":"https:\/\/hifz.plucentar.com\/index.php\/wp-json\/wp\/v2\/pages\/201\/revisions\/203"}],"wp:featuredmedia":[{"embeddable":true,"href":"https:\/\/hifz.plucentar.com\/index.php\/wp-json\/wp\/v2\/media\/202"}],"wp:attachment":[{"href":"https:\/\/hifz.plucentar.com\/index.php\/wp-json\/wp\/v2\/media?parent=201"}],"curies":[{"name":"wp","href":"https:\/\/api.w.org\/{rel}","templated":true}]}}